{"id":7,"date":"2024-11-20T14:11:13","date_gmt":"2024-11-20T17:11:13","guid":{"rendered":"https:\/\/easelabspharma.com.br\/?page_id=7"},"modified":"2026-02-04T11:40:07","modified_gmt":"2026-02-04T14:40:07","slug":"home","status":"publish","type":"page","link":"https:\/\/easelabspharma.com.br\/en\/","title":{"rendered":"Ease Labs Pharma"},"content":{"rendered":"","protected":false},"excerpt":{"rendered":"","protected":false},"author":1,"featured_media":0,"parent":0,"menu_order":0,"comment_status":"closed","ping_status":"closed","template":"","meta":{"_acf_changed":false,"_monsterinsights_skip_tracking":false,"_monsterinsights_sitenote_active":false,"_monsterinsights_sitenote_note":"","_monsterinsights_sitenote_category":0,"_uf_show_specific_survey":0,"_uf_disable_surveys":false,"footnotes":""},"class_list":["post-7","page","type-page","status-publish","hentry"],"acf":[],"yoast_head":"<!-- This site is optimized with the Yoast SEO plugin v25.8 - https:\/\/yoast.com\/wordpress\/plugins\/seo\/ -->\n<title>Ease Labs Pharma - easeLabs<\/title>\n<meta name=\"description\" content=\"A primeira ind\u00fastria brasileira especializada em produtos \u00e0 base de Cannabis! Inova\u00e7\u00e3o e cuidado em cada detalhe, para sua sa\u00fade e bem-estar!\" \/>\n<meta name=\"robots\" content=\"index, follow, max-snippet:-1, max-image-preview:large, max-video-preview:-1\" \/>\n<link rel=\"canonical\" href=\"https:\/\/easelabspharma.com.br\/en\/\" \/>\n<meta property=\"og:locale\" content=\"en_US\" \/>\n<meta property=\"og:type\" content=\"article\" \/>\n<meta property=\"og:title\" content=\"Ease Labs Pharma - easeLabs\" \/>\n<meta property=\"og:description\" content=\"A primeira ind\u00fastria brasileira especializada em produtos \u00e0 base de Cannabis! Inova\u00e7\u00e3o e cuidado em cada detalhe, para sua sa\u00fade e bem-estar!\" \/>\n<meta property=\"og:url\" content=\"https:\/\/easelabspharma.com.br\/en\/\" \/>\n<meta property=\"og:site_name\" content=\"easeLabs\" \/>\n<meta property=\"article:modified_time\" content=\"2026-02-04T14:40:07+00:00\" \/>\n<meta name=\"twitter:card\" content=\"summary_large_image\" \/>\n<script type=\"application\/ld+json\" class=\"yoast-schema-graph\">{\"@context\":\"https:\/\/schema.org\",\"@graph\":[{\"@type\":\"WebPage\",\"@id\":\"https:\/\/easelabspharma.com.br\/\",\"url\":\"https:\/\/easelabspharma.com.br\/\",\"name\":\"Ease Labs Pharma - easeLabs\",\"isPartOf\":{\"@id\":\"https:\/\/easelabspharma.com.br\/#website\"},\"datePublished\":\"2024-11-20T17:11:13+00:00\",\"dateModified\":\"2026-02-04T14:40:07+00:00\",\"description\":\"A primeira ind\u00fastria brasileira especializada em produtos \u00e0 base de Cannabis! Inova\u00e7\u00e3o e cuidado em cada detalhe, para sua sa\u00fade e bem-estar!\",\"breadcrumb\":{\"@id\":\"https:\/\/easelabspharma.com.br\/#breadcrumb\"},\"inLanguage\":\"en-US\",\"potentialAction\":[{\"@type\":\"ReadAction\",\"target\":[\"https:\/\/easelabspharma.com.br\/\"]}]},{\"@type\":\"BreadcrumbList\",\"@id\":\"https:\/\/easelabspharma.com.br\/#breadcrumb\",\"itemListElement\":[{\"@type\":\"ListItem\",\"position\":1,\"name\":\"In\u00edcio\",\"item\":\"https:\/\/easelabspharma.com.br\/\"},{\"@type\":\"ListItem\",\"position\":2,\"name\":\"Ease Labs Pharma\"}]},{\"@type\":\"WebSite\",\"@id\":\"https:\/\/easelabspharma.com.br\/#website\",\"url\":\"https:\/\/easelabspharma.com.br\/\",\"name\":\"easeLabs\",\"description\":\"\",\"potentialAction\":[{\"@type\":\"SearchAction\",\"target\":{\"@type\":\"EntryPoint\",\"urlTemplate\":\"https:\/\/easelabspharma.com.br\/?s={search_term_string}\"},\"query-input\":{\"@type\":\"PropertyValueSpecification\",\"valueRequired\":true,\"valueName\":\"search_term_string\"}}],\"inLanguage\":\"en-US\"}]}<\/script>\n<!-- \/ Yoast SEO plugin. -->","yoast_head_json":{"title":"Ease Labs Pharma - easeLabs","description":"A primeira ind\u00fastria brasileira especializada em produtos \u00e0 base de Cannabis! Inova\u00e7\u00e3o e cuidado em cada detalhe, para sua sa\u00fade e bem-estar!","robots":{"index":"index","follow":"follow","max-snippet":"max-snippet:-1","max-image-preview":"max-image-preview:large","max-video-preview":"max-video-preview:-1"},"canonical":"https:\/\/easelabspharma.com.br\/en\/","og_locale":"en_US","og_type":"article","og_title":"Ease Labs Pharma - easeLabs","og_description":"A primeira ind\u00fastria brasileira especializada em produtos \u00e0 base de Cannabis! Inova\u00e7\u00e3o e cuidado em cada detalhe, para sua sa\u00fade e bem-estar!","og_url":"https:\/\/easelabspharma.com.br\/en\/","og_site_name":"easeLabs","article_modified_time":"2026-02-04T14:40:07+00:00","twitter_card":"summary_large_image","schema":{"@context":"https:\/\/schema.org","@graph":[{"@type":"WebPage","@id":"https:\/\/easelabspharma.com.br\/","url":"https:\/\/easelabspharma.com.br\/","name":"Ease Labs Pharma - easeLabs","isPartOf":{"@id":"https:\/\/easelabspharma.com.br\/#website"},"datePublished":"2024-11-20T17:11:13+00:00","dateModified":"2026-02-04T14:40:07+00:00","description":"A primeira ind\u00fastria brasileira especializada em produtos \u00e0 base de Cannabis! Inova\u00e7\u00e3o e cuidado em cada detalhe, para sua sa\u00fade e bem-estar!","breadcrumb":{"@id":"https:\/\/easelabspharma.com.br\/#breadcrumb"},"inLanguage":"en-US","potentialAction":[{"@type":"ReadAction","target":["https:\/\/easelabspharma.com.br\/"]}]},{"@type":"BreadcrumbList","@id":"https:\/\/easelabspharma.com.br\/#breadcrumb","itemListElement":[{"@type":"ListItem","position":1,"name":"In\u00edcio","item":"https:\/\/easelabspharma.com.br\/"},{"@type":"ListItem","position":2,"name":"Ease Labs Pharma"}]},{"@type":"WebSite","@id":"https:\/\/easelabspharma.com.br\/#website","url":"https:\/\/easelabspharma.com.br\/","name":"easeLabs","description":"","potentialAction":[{"@type":"SearchAction","target":{"@type":"EntryPoint","urlTemplate":"https:\/\/easelabspharma.com.br\/?s={search_term_string}"},"query-input":{"@type":"PropertyValueSpecification","valueRequired":true,"valueName":"search_term_string"}}],"inLanguage":"en-US"}]}},"_links":{"self":[{"href":"https:\/\/easelabspharma.com.br\/en\/wp-json\/wp\/v2\/pages\/7","targetHints":{"allow":["GET"]}}],"collection":[{"href":"https:\/\/easelabspharma.com.br\/en\/wp-json\/wp\/v2\/pages"}],"about":[{"href":"https:\/\/easelabspharma.com.br\/en\/wp-json\/wp\/v2\/types\/page"}],"author":[{"embeddable":true,"href":"https:\/\/easelabspharma.com.br\/en\/wp-json\/wp\/v2\/users\/1"}],"replies":[{"embeddable":true,"href":"https:\/\/easelabspharma.com.br\/en\/wp-json\/wp\/v2\/comments?post=7"}],"version-history":[{"count":87,"href":"https:\/\/easelabspharma.com.br\/en\/wp-json\/wp\/v2\/pages\/7\/revisions"}],"predecessor-version":[{"id":4654,"href":"https:\/\/easelabspharma.com.br\/en\/wp-json\/wp\/v2\/pages\/7\/revisions\/4654"}],"wp:attachment":[{"href":"https:\/\/easelabspharma.com.br\/en\/wp-json\/wp\/v2\/media?parent=7"}],"curies":[{"name":"wp","href":"https:\/\/api.w.org\/{rel}","templated":true}]}}